{"id":27,"date":"2022-01-17T11:07:33","date_gmt":"2022-01-17T11:07:33","guid":{"rendered":"https:\/\/tooltech-smo.fr\/?page_id=27"},"modified":"2022-01-19T14:15:40","modified_gmt":"2022-01-19T14:15:40","slug":"gestion-de-projet","status":"publish","type":"page","link":"https:\/\/tooltech-smo.fr\/?page_id=27","title":{"rendered":"Gestion de projet"},"content":{"rendered":"<p>[et_pb_section fb_built=\u00a0\u00bb1&Prime; _builder_version=\u00a0\u00bb4.14.4&Prime; _module_preset=\u00a0\u00bbdefault\u00a0\u00bb global_colors_info=\u00a0\u00bb{}\u00a0\u00bb][et_pb_row column_structure=\u00a0\u00bb2_3,1_3&Prime; _builder_version=\u00a0\u00bb4.14.4&Prime; _module_preset=\u00a0\u00bbdefault\u00a0\u00bb global_colors_info=\u00a0\u00bb{}\u00a0\u00bb][et_pb_column type=\u00a0\u00bb2_3&Prime; _builder_version=\u00a0\u00bb4.14.4&Prime; _module_preset=\u00a0\u00bbdefault\u00a0\u00bb global_colors_info=\u00a0\u00bb{}\u00a0\u00bb][et_pb_text _builder_version=\u00a0\u00bb4.14.4&Prime; _module_preset=\u00a0\u00bbdefault\u00a0\u00bb global_colors_info=\u00a0\u00bb{}\u00a0\u00bb]<\/p>\n<h1><strong><span style=\"color: #0c71c3;\">TOOLTECH SERVICE MACHINES-OUTILS:<\/span><\/strong><\/h1>\n<h3>La gestion de projet technique et la modernisation des \u00e9quipements industriels et des machines-outils.<\/h3>\n<p>&nbsp;<\/p>\n<p>Tooltech Service Machines-Outils et ses partenaires industriels vous proposent un panel de services et de solutions techniques adapt\u00e9 pour la gestion de projet industriel, le r\u00e9trofit et la modernisation de vos \u00e9quipements industriels et de vos machines-outils.<\/p>\n<p>La r\u00e9alisation du cahier des charges suivant vos demandes et vos besoins.<\/p>\n<p>Les bureaux d&rsquo;\u00e9tudes \u00e9lectriques et m\u00e9caniques vous proposent les choix de mat\u00e9riel, la cr\u00e9ation des plans m\u00e9caniques et des sch\u00e9mas \u00e9lectriques, la cr\u00e9ation des programmes automates et des programmes de fonctionnement.<\/p>\n<p>Modernisation m\u00e9canique et \u00e9lectrique, s\u00e9curisation et am\u00e9lioration des \u00e9quipements industriels et des machines.<\/p>\n<p>Tooltech Service Machines-Outils et ses partenaires industriels s&rsquo;occupent de la mise service, du c\u00e2blage, du montage et des r\u00e9glages.<\/p>\n<p>Nous proposons \u00e9galement la remise en g\u00e9om\u00e9trie partielle ou totale de vos machines.<\/p>\n<p>Nous pouvons aussi g\u00e9rer vos projets de d\u00e9placements de machines ou l&rsquo;installation de machines neuves ou d&rsquo;occasion.<\/p>\n<p>&nbsp;<\/p>\n<p>&nbsp;<\/p>\n<p>[\/et_pb_text][\/et_pb_column][et_pb_column type=\u00a0\u00bb1_3&Prime; _builder_version=\u00a0\u00bb4.14.4&Prime; _module_preset=\u00a0\u00bbdefault\u00a0\u00bb global_colors_info=\u00a0\u00bb{}\u00a0\u00bb][et_pb_image src=\u00a0\u00bbhttp:\/\/tooltech-smo.fr\/wp-content\/uploads\/2022\/01\/54106.png\u00a0\u00bb title_text=\u00a0\u00bb54106&Prime; _builder_version=\u00a0\u00bb4.14.4&Prime; _module_preset=\u00a0\u00bbdefault\u00a0\u00bb global_colors_info=\u00a0\u00bb{}\u00a0\u00bb][\/et_pb_image][\/et_pb_column][\/et_pb_row][et_pb_row column_structure=\u00a0\u00bb1_3,1_3,1_3&Prime; _builder_version=\u00a0\u00bb4.14.4&Prime; _module_preset=\u00a0\u00bbdefault\u00a0\u00bb global_colors_info=\u00a0\u00bb{}\u00a0\u00bb][et_pb_column type=\u00a0\u00bb1_3&Prime; _builder_version=\u00a0\u00bb4.14.4&Prime; _module_preset=\u00a0\u00bbdefault\u00a0\u00bb global_colors_info=\u00a0\u00bb{}\u00a0\u00bb][et_pb_image src=\u00a0\u00bbhttp:\/\/tooltech-smo.fr\/wp-content\/uploads\/2022\/01\/IMG_20210629_103823-scaled.jpg\u00a0\u00bb title_text=\u00a0\u00bbIMG_20210629_103823&Prime; _builder_version=\u00a0\u00bb4.14.4&Prime; _module_preset=\u00a0\u00bbdefault\u00a0\u00bb global_colors_info=\u00a0\u00bb{}\u00a0\u00bb][\/et_pb_image][et_pb_text _builder_version=\u00a0\u00bb4.14.4&Prime; _module_preset=\u00a0\u00bbdefault\u00a0\u00bb hover_enabled=\u00a0\u00bb0&Prime; global_colors_info=\u00a0\u00bb{}\u00a0\u00bb sticky_enabled=\u00a0\u00bb0&Prime;]<\/p>\n<p>R\u00e9ception et installation de deux tours neufs de marque Hurco. R\u00e9gion Bretagne.<\/p>\n<p>Tooltech Service Machines-Outils est partenaire de la soci\u00e9t\u00e9 Hurco.<\/p>\n<p>[\/et_pb_text][\/et_pb_column][et_pb_column type=\u00a0\u00bb1_3&Prime; _builder_version=\u00a0\u00bb4.14.4&Prime; _module_preset=\u00a0\u00bbdefault\u00a0\u00bb global_colors_info=\u00a0\u00bb{}\u00a0\u00bb][et_pb_image src=\u00a0\u00bbhttp:\/\/tooltech-smo.fr\/wp-content\/uploads\/2022\/01\/IMG_20211028_084842-scaled.jpg\u00a0\u00bb title_text=\u00a0\u00bbIMG_20211028_084842&Prime; _builder_version=\u00a0\u00bb4.14.4&Prime; _module_preset=\u00a0\u00bbdefault\u00a0\u00bb global_colors_info=\u00a0\u00bb{}\u00a0\u00bb][\/et_pb_image][et_pb_text _builder_version=\u00a0\u00bb4.14.4&Prime; _module_preset=\u00a0\u00bbdefault\u00a0\u00bb hover_enabled=\u00a0\u00bb0&Prime; global_colors_info=\u00a0\u00bb{}\u00a0\u00bb sticky_enabled=\u00a0\u00bb0&Prime;]<\/p>\n<p>Remise en service d&rsquo;une t\u00eate de fraisage Forest Lin\u00e9 pour la soci\u00e9t\u00e9 partenaire MI-Concept. R\u00e9glage des axes A et C, commande num\u00e9rique Siemens 840d PL. R\u00e9gion Pays de la Loire.<\/p>\n<p>[\/et_pb_text][\/et_pb_column][et_pb_column type=\u00a0\u00bb1_3&Prime; _builder_version=\u00a0\u00bb4.14.4&Prime; _module_preset=\u00a0\u00bbdefault\u00a0\u00bb global_colors_info=\u00a0\u00bb{}\u00a0\u00bb][et_pb_image src=\u00a0\u00bbhttp:\/\/tooltech-smo.fr\/wp-content\/uploads\/2022\/01\/IMG_20211103_131505-scaled.jpg\u00a0\u00bb title_text=\u00a0\u00bbIMG_20211103_131505&Prime; _builder_version=\u00a0\u00bb4.14.4&Prime; _module_preset=\u00a0\u00bbdefault\u00a0\u00bb global_colors_info=\u00a0\u00bb{}\u00a0\u00bb][\/et_pb_image][et_pb_text _builder_version=\u00a0\u00bb4.14.4&Prime; _module_preset=\u00a0\u00bbdefault\u00a0\u00bb global_colors_info=\u00a0\u00bb{}\u00a0\u00bb]<\/p>\n<p>Contr\u00f4les g\u00e9om\u00e9triques sur un centre d&rsquo;usinage apr\u00e8s son d\u00e9m\u00e9nagement et sa r\u00e9installation dans de nouveaux locaux. R\u00e9gion Normandie.<\/p>\n<p>[\/et_pb_text][\/et_pb_column][\/et_pb_row][et_pb_row column_structure=\u00a0\u00bb1_2,1_2&Prime; _builder_version=\u00a0\u00bb4.14.4&Prime; _module_preset=\u00a0\u00bbdefault\u00a0\u00bb global_colors_info=\u00a0\u00bb{}\u00a0\u00bb][et_pb_column type=\u00a0\u00bb1_2&Prime; _builder_version=\u00a0\u00bb4.14.4&Prime; _module_preset=\u00a0\u00bbdefault\u00a0\u00bb global_colors_info=\u00a0\u00bb{}\u00a0\u00bb][et_pb_image src=\u00a0\u00bbhttp:\/\/tooltech-smo.fr\/wp-content\/uploads\/2022\/01\/banc_essai_mi-concept-pdf.jpg\u00a0\u00bb title_text=\u00a0\u00bbbanc_essai_mi-concept\u00a0\u00bb _builder_version=\u00a0\u00bb4.14.4&Prime; _module_preset=\u00a0\u00bbdefault\u00a0\u00bb global_colors_info=\u00a0\u00bb{}\u00a0\u00bb][\/et_pb_image][et_pb_text _builder_version=\u00a0\u00bb4.14.4&Prime; _module_preset=\u00a0\u00bbdefault\u00a0\u00bb global_colors_info=\u00a0\u00bb{}\u00a0\u00bb]<\/p>\n<p>Cr\u00e9ation de sch\u00e9ma \u00e9lectrique pour un banc d&rsquo;essai de t\u00eate de fraisage.<\/p>\n<p>[\/et_pb_text][\/et_pb_column][et_pb_column type=\u00a0\u00bb1_2&Prime; _builder_version=\u00a0\u00bb4.14.4&Prime; _module_preset=\u00a0\u00bbdefault\u00a0\u00bb global_colors_info=\u00a0\u00bb{}\u00a0\u00bb][et_pb_image src=\u00a0\u00bbhttp:\/\/tooltech-smo.fr\/wp-content\/uploads\/2022\/01\/1642599737505-2.jpg\u00a0\u00bb title_text=\u00a0\u00bb1642599737505&Prime; _builder_version=\u00a0\u00bb4.14.4&Prime; _module_preset=\u00a0\u00bbdefault\u00a0\u00bb global_colors_info=\u00a0\u00bb{}\u00a0\u00bb][\/et_pb_image][et_pb_text _builder_version=\u00a0\u00bb4.14.4&Prime; _module_preset=\u00a0\u00bbdefault\u00a0\u00bb global_colors_info=\u00a0\u00bb{}\u00a0\u00bb]<\/p>\n<p>Remplacement d&rsquo;un codeur obsol\u00e8te sur un tour Somab. Adaptation, choix de mat\u00e9riel, mise \u00e0 jour du sch\u00e9ma \u00e9lectrique et r\u00e9glage des param\u00e8tres sur la commande num\u00e9rique NUM 1060.<\/p>\n<p>[\/et_pb_text][\/et_pb_column][\/et_pb_row][\/et_pb_section]<\/p>\n","protected":false},"excerpt":{"rendered":"<p>TOOLTECH SERVICE MACHINES-OUTILS: La gestion de projet technique et la modernisation des \u00e9quipements industriels et des machines-outils. &nbsp; Tooltech Service Machines-Outils et ses partenaires industriels vous proposent un panel de services et de solutions techniques adapt\u00e9 pour la gestion de projet industriel, le r\u00e9trofit et la modernisation de vos \u00e9quipements industriels et de vos machines-outils. [&hellip;]<\/p>\n","protected":false},"author":1,"featured_media":0,"parent":0,"menu_order":0,"comment_status":"closed","ping_status":"closed","template":"","meta":{"_et_pb_use_builder":"on","_et_pb_old_content":"","_et_gb_content_width":"","om_disable_all_campaigns":false,"_monsterinsights_skip_tracking":false,"_monsterinsights_sitenote_active":false,"_monsterinsights_sitenote_note":"","_monsterinsights_sitenote_category":0,"footnotes":""},"class_list":["post-27","page","type-page","status-publish","hentry"],"_links":{"self":[{"href":"https:\/\/tooltech-smo.fr\/index.php?rest_route=\/wp\/v2\/pages\/27","targetHints":{"allow":["GET"]}}],"collection":[{"href":"https:\/\/tooltech-smo.fr\/index.php?rest_route=\/wp\/v2\/pages"}],"about":[{"href":"https:\/\/tooltech-smo.fr\/index.php?rest_route=\/wp\/v2\/types\/page"}],"author":[{"embeddable":true,"href":"https:\/\/tooltech-smo.fr\/index.php?rest_route=\/wp\/v2\/users\/1"}],"replies":[{"embeddable":true,"href":"https:\/\/tooltech-smo.fr\/index.php?rest_route=%2Fwp%2Fv2%2Fcomments&post=27"}],"version-history":[{"count":13,"href":"https:\/\/tooltech-smo.fr\/index.php?rest_route=\/wp\/v2\/pages\/27\/revisions"}],"predecessor-version":[{"id":127,"href":"https:\/\/tooltech-smo.fr\/index.php?rest_route=\/wp\/v2\/pages\/27\/revisions\/127"}],"wp:attachment":[{"href":"https:\/\/tooltech-smo.fr\/index.php?rest_route=%2Fwp%2Fv2%2Fmedia&parent=27"}],"curies":[{"name":"wp","href":"https:\/\/api.w.org\/{rel}","templated":true}]}}