{"id":30,"date":"2022-01-17T11:09:18","date_gmt":"2022-01-17T11:09:18","guid":{"rendered":"https:\/\/tooltech-smo.fr\/?page_id=30"},"modified":"2022-01-22T10:23:24","modified_gmt":"2022-01-22T10:23:24","slug":"organisation-partenariats","status":"publish","type":"page","link":"https:\/\/tooltech-smo.fr\/?page_id=30","title":{"rendered":"Organisation partenariats"},"content":{"rendered":"<p>[et_pb_section fb_built=\u00a0\u00bb1&Prime; _builder_version=\u00a0\u00bb4.14.4&Prime; _module_preset=\u00a0\u00bbdefault\u00a0\u00bb global_colors_info=\u00a0\u00bb{}\u00a0\u00bb][et_pb_row column_structure=\u00a0\u00bb2_3,1_3&Prime; _builder_version=\u00a0\u00bb4.14.4&Prime; _module_preset=\u00a0\u00bbdefault\u00a0\u00bb global_colors_info=\u00a0\u00bb{}\u00a0\u00bb][et_pb_column type=\u00a0\u00bb2_3&Prime; _builder_version=\u00a0\u00bb4.14.4&Prime; _module_preset=\u00a0\u00bbdefault\u00a0\u00bb global_colors_info=\u00a0\u00bb{}\u00a0\u00bb][et_pb_text _builder_version=\u00a0\u00bb4.14.4&Prime; _module_preset=\u00a0\u00bbdefault\u00a0\u00bb global_colors_info=\u00a0\u00bb{}\u00a0\u00bb]<\/p>\n<h1><strong><span style=\"color: #0c71c3;\">TOOLTECH SERVICE MACHINES-OUTILS:<\/span><\/strong><\/h1>\n<h3>L&rsquo;organisation et les partenaires industriels.<\/h3>\n<p>&nbsp;<\/p>\n<p>Gr\u00e2ce \u00e0 une exp\u00e9rience de plus de vingt cinq ans dans le domaine de la machine-outil et de la maintenance industrielle, Tooltech Service Machines-Outils propose ses services en partenariat avec plusieurs soci\u00e9t\u00e9s.<\/p>\n<p>La soci\u00e9t\u00e9 MI-Concept, bas\u00e9e pr\u00e8s d&rsquo;Albert, est sp\u00e9cialis\u00e9e dans la maintenance et la r\u00e9novation m\u00e9canique des machines-outils, un bureau d&rsquo;\u00e9tude m\u00e9canique et des techniciens qualifi\u00e9s forment le coeur de l&rsquo;entreprise.<\/p>\n<p>Joindre MI-Concept -&gt; <a href=\"https:\/\/mi-concept.fr\/nos-services\/\">Nos services &#8211; M.I.Concept &#8211; Maintenance industrielle &#8211; M\u00e9aulte (mi-concept.fr)<\/a><\/p>\n<p>La soci\u00e9t\u00e9 PLX Solutions apporte son analyse technique pour la gestion et la mise en forme des projets industriels, ainsi que la cr\u00e9ation de contenus et d&rsquo;interfaces informatiques.<\/p>\n<p>Joindre PLX Solutions -&gt; <a href=\"https:\/\/plx-solutions.com\/\">PLX Solutions, votre consultant en entreprise dans les Hauts-de-France (plx-solutions.com)<\/a><\/p>\n<p>Tooltech Service Machines-Outils travaille en partenariat avec le constructeur HURCO.<\/p>\n<p>Joindre Hurco -&gt;<\/p>\n<p>&nbsp;<\/p>\n<p>[\/et_pb_text][\/et_pb_column][et_pb_column type=\u00a0\u00bb1_3&Prime; _builder_version=\u00a0\u00bb4.14.4&Prime; _module_preset=\u00a0\u00bbdefault\u00a0\u00bb global_colors_info=\u00a0\u00bb{}\u00a0\u00bb][et_pb_image src=\u00a0\u00bbhttp:\/\/tooltech-smo.fr\/wp-content\/uploads\/2022\/01\/91216645_111057410538189_5416831806190125056_n.jpg\u00a0\u00bb title_text=\u00a0\u00bb91216645_111057410538189_5416831806190125056_n\u00a0\u00bb _builder_version=\u00a0\u00bb4.14.4&Prime; _module_preset=\u00a0\u00bbdefault\u00a0\u00bb global_colors_info=\u00a0\u00bb{}\u00a0\u00bb][\/et_pb_image][et_pb_image src=\u00a0\u00bbhttp:\/\/tooltech-smo.fr\/wp-content\/uploads\/2022\/01\/logorectangle-def.png\u00a0\u00bb title_text=\u00a0\u00bblogorectangle-def\u00a0\u00bb _builder_version=\u00a0\u00bb4.14.4&Prime; _module_preset=\u00a0\u00bbdefault\u00a0\u00bb global_colors_info=\u00a0\u00bb{}\u00a0\u00bb][\/et_pb_image][et_pb_image src=\u00a0\u00bbhttp:\/\/tooltech-smo.fr\/wp-content\/uploads\/2022\/01\/LOGO-MI-CONCEPT-2019-scaled.jpg\u00a0\u00bb _builder_version=\u00a0\u00bb4.14.4&Prime; _module_preset=\u00a0\u00bbdefault\u00a0\u00bb title_text=\u00a0\u00bbObjet\u00a0\u00bb hover_enabled=\u00a0\u00bb0&Prime; sticky_enabled=\u00a0\u00bb0&Prime;][\/et_pb_image][\/et_pb_column][\/et_pb_row][\/et_pb_section]<\/p>\n","protected":false},"excerpt":{"rendered":"<p>TOOLTECH SERVICE MACHINES-OUTILS: L&rsquo;organisation et les partenaires industriels. &nbsp; Gr\u00e2ce \u00e0 une exp\u00e9rience de plus de vingt cinq ans dans le domaine de la machine-outil et de la maintenance industrielle, Tooltech Service Machines-Outils propose ses services en partenariat avec plusieurs soci\u00e9t\u00e9s. La soci\u00e9t\u00e9 MI-Concept, bas\u00e9e pr\u00e8s d&rsquo;Albert, est sp\u00e9cialis\u00e9e dans la maintenance et la r\u00e9novation [&hellip;]<\/p>\n","protected":false},"author":1,"featured_media":0,"parent":0,"menu_order":0,"comment_status":"closed","ping_status":"closed","template":"","meta":{"_et_pb_use_builder":"on","_et_pb_old_content":"","_et_gb_content_width":"","om_disable_all_campaigns":false,"_monsterinsights_skip_tracking":false,"_monsterinsights_sitenote_active":false,"_monsterinsights_sitenote_note":"","_monsterinsights_sitenote_category":0,"footnotes":""},"class_list":["post-30","page","type-page","status-publish","hentry"],"_links":{"self":[{"href":"https:\/\/tooltech-smo.fr\/index.php?rest_route=\/wp\/v2\/pages\/30","targetHints":{"allow":["GET"]}}],"collection":[{"href":"https:\/\/tooltech-smo.fr\/index.php?rest_route=\/wp\/v2\/pages"}],"about":[{"href":"https:\/\/tooltech-smo.fr\/index.php?rest_route=\/wp\/v2\/types\/page"}],"author":[{"embeddable":true,"href":"https:\/\/tooltech-smo.fr\/index.php?rest_route=\/wp\/v2\/users\/1"}],"replies":[{"embeddable":true,"href":"https:\/\/tooltech-smo.fr\/index.php?rest_route=%2Fwp%2Fv2%2Fcomments&post=30"}],"version-history":[{"count":7,"href":"https:\/\/tooltech-smo.fr\/index.php?rest_route=\/wp\/v2\/pages\/30\/revisions"}],"predecessor-version":[{"id":135,"href":"https:\/\/tooltech-smo.fr\/index.php?rest_route=\/wp\/v2\/pages\/30\/revisions\/135"}],"wp:attachment":[{"href":"https:\/\/tooltech-smo.fr\/index.php?rest_route=%2Fwp%2Fv2%2Fmedia&parent=30"}],"curies":[{"name":"wp","href":"https:\/\/api.w.org\/{rel}","templated":true}]}}