{"id":8,"date":"2022-01-17T10:37:11","date_gmt":"2022-01-17T10:37:11","guid":{"rendered":"https:\/\/tooltech-smo.fr\/?page_id=8"},"modified":"2022-01-19T13:07:56","modified_gmt":"2022-01-19T13:07:56","slug":"accueil","status":"publish","type":"page","link":"https:\/\/tooltech-smo.fr\/","title":{"rendered":"Accueil"},"content":{"rendered":"<p>[et_pb_section fb_built=\u00a0\u00bb1&Prime; _builder_version=\u00a0\u00bb4.14.4&Prime; _module_preset=\u00a0\u00bbdefault\u00a0\u00bb global_colors_info=\u00a0\u00bb{}\u00a0\u00bb][et_pb_row column_structure=\u00a0\u00bb2_3,1_3&Prime; _builder_version=\u00a0\u00bb4.14.4&Prime; _module_preset=\u00a0\u00bbdefault\u00a0\u00bb global_colors_info=\u00a0\u00bb{}\u00a0\u00bb][et_pb_column type=\u00a0\u00bb2_3&Prime; _builder_version=\u00a0\u00bb4.14.4&Prime; _module_preset=\u00a0\u00bbdefault\u00a0\u00bb global_colors_info=\u00a0\u00bb{}\u00a0\u00bb][et_pb_text _builder_version=\u00a0\u00bb4.14.4&Prime; _module_preset=\u00a0\u00bbdefault\u00a0\u00bb global_colors_info=\u00a0\u00bb{}\u00a0\u00bb]<\/p>\n<h1><span style=\"color: #0c71c3;\"><strong>TOOLTECH SERVICE MACHINES-OUTILS:<\/strong><\/span><\/h1>\n<h3>Le d\u00e9pannage, la maintenance, la gestion de projet et la modernisation de vos machines-outils.<span style=\"color: #0c71c3;\"><strong><\/strong><\/span><\/h3>\n<p>Vous \u00eates dirigeant d&rsquo;entreprise industrielle, int\u00e9grateur, responsable d&rsquo;un service de maintenance, usineur, revendeur ou installateur de machines-outils \u00e0 commande num\u00e9rique ou non.<\/p>\n<p>Vous pouvez \u00eatre confront\u00e9 \u00e0 des probl\u00e9matiques de maintenance, de panne ou \u00e0 un parc de machines vieillissant ou obsol\u00e8te provoquant une perte de votre productivit\u00e9 pour votre entreprise ou pour vos clients.\u00a0<\/p>\n<p>Tooltech Service Machines-Outils et ses partenaires industriels vous proposent un accompagnement et une assistance pour vos maintenances curatives et pr\u00e9ventives, les d\u00e9pannages m\u00e9caniques et \u00e9lectriques, la gestion de vos projets industriels et la modernisation de vos machines, fraiseuses, al\u00e9seuses, tours et centres d&rsquo;usinage.<\/p>\n<p>Tooltech Service Machines-Outils vous accueille dans ses locaux \u00e0 Albert dans la r\u00e9gion des Hauts de France, proche d&rsquo;Amiens, Arras, Cambrai et Saint-Quentin.<\/p>\n<p>Nos bureaux et notre atelier sont implant\u00e9s dans la zone d&rsquo;activit\u00e9 Henry Potez.<\/p>\n<p><span style=\"color: #0c71c3;\"><strong><\/strong><\/span><\/p>\n<p>[\/et_pb_text][\/et_pb_column][et_pb_column type=\u00a0\u00bb1_3&Prime; _builder_version=\u00a0\u00bb4.14.4&Prime; _module_preset=\u00a0\u00bbdefault\u00a0\u00bb global_colors_info=\u00a0\u00bb{}\u00a0\u00bb][et_pb_image src=\u00a0\u00bbhttp:\/\/tooltech-smo.fr\/wp-content\/uploads\/2022\/01\/1642586999885.jpg\u00a0\u00bb title_text=\u00a0\u00bb1642586999885&Prime; _builder_version=\u00a0\u00bb4.14.4&Prime; _module_preset=\u00a0\u00bbdefault\u00a0\u00bb global_colors_info=\u00a0\u00bb{}\u00a0\u00bb][\/et_pb_image][et_pb_text _builder_version=\u00a0\u00bb4.14.4&Prime; _module_preset=\u00a0\u00bbdefault\u00a0\u00bb global_colors_info=\u00a0\u00bb{}\u00a0\u00bb]<\/p>\n<p style=\"text-align: center;\"><strong>Monsieur Faud\u00e9 Julien<\/strong><\/p>\n<p style=\"text-align: center;\"><strong>Pr\u00e9sident directeur g\u00e9n\u00e9ral de<\/strong><\/p>\n<p style=\"text-align: center;\"><strong>Tooltech Service Machines-Outils<\/strong><\/p>\n<p>[\/et_pb_text][\/et_pb_column][\/et_pb_row][et_pb_row _builder_version=\u00a0\u00bb4.14.4&Prime; _module_preset=\u00a0\u00bbdefault\u00a0\u00bb column_structure=\u00a0\u00bb3_4,1_4&Prime;][et_pb_column _builder_version=\u00a0\u00bb4.14.4&Prime; _module_preset=\u00a0\u00bbdefault\u00a0\u00bb type=\u00a0\u00bb3_4&Prime;][et_pb_image src=\u00a0\u00bbhttp:\/\/tooltech-smo.fr\/wp-content\/uploads\/2022\/01\/1642596147545-scaled.jpg\u00a0\u00bb _builder_version=\u00a0\u00bb4.14.4&Prime; _module_preset=\u00a0\u00bbdefault\u00a0\u00bb title_text=\u00a0\u00bb1642596147545&Prime; hover_enabled=\u00a0\u00bb0&Prime; sticky_enabled=\u00a0\u00bb0&Prime;][\/et_pb_image][\/et_pb_column][et_pb_column _builder_version=\u00a0\u00bb4.14.4&Prime; _module_preset=\u00a0\u00bbdefault\u00a0\u00bb type=\u00a0\u00bb1_4&Prime;][et_pb_text _builder_version=\u00a0\u00bb4.14.4&Prime; _module_preset=\u00a0\u00bbdefault\u00a0\u00bb hover_enabled=\u00a0\u00bb0&Prime; sticky_enabled=\u00a0\u00bb0&Prime;]<\/p>\n<p>Les techniciens de Tooltech Service Machines-Outils et de ses partenaires industriels ont des ann\u00e9es d&rsquo;exp\u00e9rience dans la mise en service, l&rsquo;installation, le d\u00e9pannage et la maintenance de fraiseuses de grandes dimensions chez des constructeurs renomm\u00e9s.<\/p>\n<p>Des interventions et des installations r\u00e9alis\u00e9es en Europe, en Afrique du nord et en Asie.<\/p>\n<p>Tooltech Service Machines-Outils intervient principalement en France et possiblement en Europe.<\/p>\n<p>Nous pouvons intervenir 7 jours\/7 suivant vos contraintes de disponibilit\u00e9s.<\/p>\n<p>Nous restons \u00e0 votre \u00e9coute.<\/p>\n<p>&nbsp;<\/p>\n<p>[\/et_pb_text][\/et_pb_column][\/et_pb_row][\/et_pb_section]<\/p>\n","protected":false},"excerpt":{"rendered":"<p>TOOLTECH SERVICE MACHINES-OUTILS: Le d\u00e9pannage, la maintenance, la gestion de projet et la modernisation de vos machines-outils. Vous \u00eates dirigeant d&rsquo;entreprise industrielle, int\u00e9grateur, responsable d&rsquo;un service de maintenance, usineur, revendeur ou installateur de machines-outils \u00e0 commande num\u00e9rique ou non. Vous pouvez \u00eatre confront\u00e9 \u00e0 des probl\u00e9matiques de maintenance, de panne ou \u00e0 un parc de [&hellip;]<\/p>\n","protected":false},"author":1,"featured_media":0,"parent":0,"menu_order":0,"comment_status":"closed","ping_status":"closed","template":"","meta":{"_et_pb_use_builder":"on","_et_pb_old_content":"","_et_gb_content_width":"","om_disable_all_campaigns":false,"_monsterinsights_skip_tracking":false,"_monsterinsights_sitenote_active":false,"_monsterinsights_sitenote_note":"","_monsterinsights_sitenote_category":0,"footnotes":""},"class_list":["post-8","page","type-page","status-publish","hentry"],"_links":{"self":[{"href":"https:\/\/tooltech-smo.fr\/index.php?rest_route=\/wp\/v2\/pages\/8","targetHints":{"allow":["GET"]}}],"collection":[{"href":"https:\/\/tooltech-smo.fr\/index.php?rest_route=\/wp\/v2\/pages"}],"about":[{"href":"https:\/\/tooltech-smo.fr\/index.php?rest_route=\/wp\/v2\/types\/page"}],"author":[{"embeddable":true,"href":"https:\/\/tooltech-smo.fr\/index.php?rest_route=\/wp\/v2\/users\/1"}],"replies":[{"embeddable":true,"href":"https:\/\/tooltech-smo.fr\/index.php?rest_route=%2Fwp%2Fv2%2Fcomments&post=8"}],"version-history":[{"count":11,"href":"https:\/\/tooltech-smo.fr\/index.php?rest_route=\/wp\/v2\/pages\/8\/revisions"}],"predecessor-version":[{"id":113,"href":"https:\/\/tooltech-smo.fr\/index.php?rest_route=\/wp\/v2\/pages\/8\/revisions\/113"}],"wp:attachment":[{"href":"https:\/\/tooltech-smo.fr\/index.php?rest_route=%2Fwp%2Fv2%2Fmedia&parent=8"}],"curies":[{"name":"wp","href":"https:\/\/api.w.org\/{rel}","templated":true}]}}